{"id":908,"date":"2022-05-19T14:26:29","date_gmt":"2022-05-19T13:26:29","guid":{"rendered":"https:\/\/www.casakara.it\/web\/?page_id=908"},"modified":"2022-05-30T09:27:05","modified_gmt":"2022-05-30T08:27:05","slug":"perche-casa-kara","status":"publish","type":"page","link":"https:\/\/www.casakara.it\/web\/perche-casa-kara\/","title":{"rendered":"Perch\u00e9 Casa KaRa?"},"content":{"rendered":"<div style=\"text-align: center;\"><img loading=\"lazy\" decoding=\"async\" class=\"aligncenter size-full wp-image-150\" src=\"https:\/\/www.casakara.it\/web\/wp-content\/uploads\/2016\/01\/logo-casakara.png\" alt=\"\" width=\"180\" height=\"180\" srcset=\"https:\/\/www.casakara.it\/web\/wp-content\/uploads\/2016\/01\/logo-casakara.png 180w, https:\/\/www.casakara.it\/web\/wp-content\/uploads\/2016\/01\/logo-casakara-150x150.png 150w\" sizes=\"auto, (max-width: 180px) 100vw, 180px\" \/><\/div>\n<p>Abbiamo scelto di aiutare ed adottare cani e gatti con handicap e cos\u00ec <strong>KaRa<\/strong> \u00e8 arrivata nella nostra vita dopo che avevamo espresso a dei cari amici volontari il nostro desiderio di adottare una canina.<br \/>\nEravamo in una fiera vegan (all&#8217;epoca rappresentavamo Vegusto Italia) e ci venne fatto vedere il video di una canina anziana ospite all&#8217;associazione <a href=\"https:\/\/www.loscudodipan.org\/\" target=\"_blank\" rel=\"noopener\">Lo scudo di Pan<\/a>. <strong>KaRa<\/strong> stata per la maggior parte del suo tempo in un canile lager vicino a Firenze ed era tripode. E cos\u00ec nel giro di un paio di settimane ci incontrammo ad un casello dell&#8217;autostrada e la portammo a casa. Fu una canina di una dolcezza infinita, gentile con i gatti presenti in casa e gli altri due cani che erano gi\u00e0 stati adottati da noi da situazioni di disagio.<br \/>\nCi ha insegnato che gli handicap sono solo nella nostra testa. Che un cane (o un gatto) tripode pu\u00f2 avere una vita normalissima. Purtroppo dopo poco pi\u00f9 di un anno dalla sua venuta, mor\u00ec improvvisamente per un emangiosarcoma.<br \/>\nCos\u00ec abbiamo dedicato a lei il nostro progetto.<\/p>\n<hr \/>\n\n\t\t<style type=\"text\/css\">\n\t\t\t#gallery-1 {\n\t\t\t\tmargin: auto;\n\t\t\t}\n\t\t\t#gallery-1 .gallery-item {\n\t\t\t\tfloat: left;\n\t\t\t\tmargin-top: 10px;\n\t\t\t\ttext-align: center;\n\t\t\t\twidth: 33%;\n\t\t\t}\n\t\t\t#gallery-1 img {\n\t\t\t\tborder: 2px solid #cfcfcf;\n\t\t\t}\n\t\t\t#gallery-1 .gallery-caption {\n\t\t\t\tmargin-left: 0;\n\t\t\t}\n\t\t\t\/* see gallery_shortcode() in wp-includes\/media.php *\/\n\t\t<\/style>\n\t\t<div id='gallery-1' class='gallery galleryid-908 gallery-columns-3 gallery-size-thumbnail'><dl class='gallery-item'>\n\t\t\t<dt class='gallery-icon portrait'>\n\t\t\t\t<a href='https:\/\/www.casakara.it\/web\/wp-content\/uploads\/2018\/04\/kara1.jpeg' title=\"\" data-rl_title=\"\" class=\"rl-gallery-link\" data-rl_caption=\"\" data-rel=\"lightbox-gallery-1\"><img loading=\"lazy\" decoding=\"async\" width=\"150\" height=\"150\" src=\"https:\/\/www.casakara.it\/web\/wp-content\/uploads\/2018\/04\/kara1-150x150.jpeg\" class=\"attachment-thumbnail size-thumbnail\" alt=\"\" \/><\/a>\n\t\t\t<\/dt><\/dl><dl class='gallery-item'>\n\t\t\t<dt class='gallery-icon portrait'>\n\t\t\t\t<a href='https:\/\/www.casakara.it\/web\/wp-content\/uploads\/2018\/04\/kara2.jpeg' title=\"\" data-rl_title=\"\" class=\"rl-gallery-link\" data-rl_caption=\"\" data-rel=\"lightbox-gallery-1\"><img loading=\"lazy\" decoding=\"async\" width=\"150\" height=\"150\" src=\"https:\/\/www.casakara.it\/web\/wp-content\/uploads\/2018\/04\/kara2-150x150.jpeg\" class=\"attachment-thumbnail size-thumbnail\" alt=\"\" \/><\/a>\n\t\t\t<\/dt><\/dl><dl class='gallery-item'>\n\t\t\t<dt class='gallery-icon portrait'>\n\t\t\t\t<a href='https:\/\/www.casakara.it\/web\/wp-content\/uploads\/2018\/04\/kara3.jpeg' title=\"\" data-rl_title=\"\" class=\"rl-gallery-link\" data-rl_caption=\"\" data-rel=\"lightbox-gallery-1\"><img loading=\"lazy\" decoding=\"async\" width=\"150\" height=\"150\" src=\"https:\/\/www.casakara.it\/web\/wp-content\/uploads\/2018\/04\/kara3-150x150.jpeg\" class=\"attachment-thumbnail size-thumbnail\" alt=\"\" \/><\/a>\n\t\t\t<\/dt><\/dl><br style=\"clear: both\" \/><dl class='gallery-item'>\n\t\t\t<dt class='gallery-icon portrait'>\n\t\t\t\t<a href='https:\/\/www.casakara.it\/web\/wp-content\/uploads\/2018\/04\/kara4.jpeg' title=\"\" data-rl_title=\"\" class=\"rl-gallery-link\" data-rl_caption=\"\" data-rel=\"lightbox-gallery-1\"><img loading=\"lazy\" decoding=\"async\" width=\"150\" height=\"150\" src=\"https:\/\/www.casakara.it\/web\/wp-content\/uploads\/2018\/04\/kara4-150x150.jpeg\" class=\"attachment-thumbnail size-thumbnail\" alt=\"\" \/><\/a>\n\t\t\t<\/dt><\/dl><dl class='gallery-item'>\n\t\t\t<dt class='gallery-icon portrait'>\n\t\t\t\t<a href='https:\/\/www.casakara.it\/web\/wp-content\/uploads\/2018\/04\/kara5.jpeg' title=\"\" data-rl_title=\"\" class=\"rl-gallery-link\" data-rl_caption=\"\" data-rel=\"lightbox-gallery-1\"><img loading=\"lazy\" decoding=\"async\" width=\"150\" height=\"150\" src=\"https:\/\/www.casakara.it\/web\/wp-content\/uploads\/2018\/04\/kara5-150x150.jpeg\" class=\"attachment-thumbnail size-thumbnail\" alt=\"\" \/><\/a>\n\t\t\t<\/dt><\/dl><dl class='gallery-item'>\n\t\t\t<dt class='gallery-icon landscape'>\n\t\t\t\t<a href='https:\/\/www.casakara.it\/web\/wp-content\/uploads\/2018\/04\/kara6-1024x768.jpg' title=\"\" data-rl_title=\"\" class=\"rl-gallery-link\" data-rl_caption=\"\" data-rel=\"lightbox-gallery-1\"><img loading=\"lazy\" decoding=\"async\" width=\"150\" height=\"150\" src=\"https:\/\/www.casakara.it\/web\/wp-content\/uploads\/2018\/04\/kara6-150x150.jpg\" class=\"attachment-thumbnail size-thumbnail\" alt=\"\" \/><\/a>\n\t\t\t<\/dt><\/dl><br style=\"clear: both\" \/>\n\t\t<\/div>\n\n","protected":false},"excerpt":{"rendered":"<p>Abbiamo scelto di aiutare ed adottare cani e gatti con handicap e cos\u00ec KaRa \u00e8 arrivata nella nostra vita dopo che avevamo espresso a dei cari amici volontari il nostro desiderio di adottare una canina. Eravamo in una fiera vegan (all&#8217;epoca rappresentavamo Vegusto Italia) e ci venne fatto vedere il video di una canina anziana [&hellip;]<\/p>\n","protected":false},"author":1,"featured_media":0,"parent":0,"menu_order":0,"comment_status":"closed","ping_status":"closed","template":"","meta":{"iawp_total_views":130,"footnotes":""},"class_list":["post-908","page","type-page","status-publish","hentry"],"yoast_head":"<!-- This site is optimized with the Yoast SEO plugin v27.1.1 - https:\/\/yoast.com\/product\/yoast-seo-wordpress\/ -->\n<title>Perch\u00e9 Casa KaRa? - Casa KaRa<\/title>\n<meta name=\"robots\" content=\"index, follow, max-snippet:-1, max-image-preview:large, max-video-preview:-1\" \/>\n<link rel=\"canonical\" href=\"https:\/\/www.casakara.it\/web\/perche-casa-kara\/\" \/>\n<meta property=\"og:locale\" content=\"it_IT\" \/>\n<meta property=\"og:type\" content=\"article\" \/>\n<meta property=\"og:title\" content=\"Perch\u00e9 Casa KaRa? - Casa KaRa\" \/>\n<meta property=\"og:description\" content=\"Abbiamo scelto di aiutare ed adottare cani e gatti con handicap e cos\u00ec KaRa \u00e8 arrivata nella nostra vita dopo che avevamo espresso a dei cari amici volontari il nostro desiderio di adottare una canina. Eravamo in una fiera vegan (all&#8217;epoca rappresentavamo Vegusto Italia) e ci venne fatto vedere il video di una canina anziana [&hellip;]\" \/>\n<meta property=\"og:url\" content=\"https:\/\/www.casakara.it\/web\/perche-casa-kara\/\" \/>\n<meta property=\"og:site_name\" content=\"Casa KaRa\" \/>\n<meta property=\"article:publisher\" content=\"https:\/\/www.facebook.com\/BB-vegan-Casa-Kara-1512090809085680\/\" \/>\n<meta property=\"article:modified_time\" content=\"2022-05-30T08:27:05+00:00\" \/>\n<meta property=\"og:image\" content=\"https:\/\/www.casakara.it\/web\/wp-content\/uploads\/2018\/04\/kara1-150x150.jpeg\" \/>\n<meta name=\"twitter:card\" content=\"summary_large_image\" \/>\n<meta name=\"twitter:site\" content=\"@CasaKara2016\" \/>\n<meta name=\"twitter:label1\" content=\"Tempo di lettura stimato\" \/>\n\t<meta name=\"twitter:data1\" content=\"1 minuto\" \/>\n<script type=\"application\/ld+json\" class=\"yoast-schema-graph\">{\"@context\":\"https:\/\/schema.org\",\"@graph\":[{\"@type\":\"WebPage\",\"@id\":\"https:\/\/www.casakara.it\/web\/perche-casa-kara\/\",\"url\":\"https:\/\/www.casakara.it\/web\/perche-casa-kara\/\",\"name\":\"Perch\u00e9 Casa KaRa? - Casa KaRa\",\"isPartOf\":{\"@id\":\"https:\/\/www.casakara.it\/web\/#website\"},\"primaryImageOfPage\":{\"@id\":\"https:\/\/www.casakara.it\/web\/perche-casa-kara\/#primaryimage\"},\"image\":{\"@id\":\"https:\/\/www.casakara.it\/web\/perche-casa-kara\/#primaryimage\"},\"thumbnailUrl\":\"https:\/\/www.casakara.it\/web\/wp-content\/uploads\/2016\/01\/logo-casakara.png\",\"datePublished\":\"2022-05-19T13:26:29+00:00\",\"dateModified\":\"2022-05-30T08:27:05+00:00\",\"breadcrumb\":{\"@id\":\"https:\/\/www.casakara.it\/web\/perche-casa-kara\/#breadcrumb\"},\"inLanguage\":\"it-IT\",\"potentialAction\":[{\"@type\":\"ReadAction\",\"target\":[\"https:\/\/www.casakara.it\/web\/perche-casa-kara\/\"]}]},{\"@type\":\"ImageObject\",\"inLanguage\":\"it-IT\",\"@id\":\"https:\/\/www.casakara.it\/web\/perche-casa-kara\/#primaryimage\",\"url\":\"https:\/\/www.casakara.it\/web\/wp-content\/uploads\/2016\/01\/logo-casakara.png\",\"contentUrl\":\"https:\/\/www.casakara.it\/web\/wp-content\/uploads\/2016\/01\/logo-casakara.png\",\"width\":180,\"height\":180},{\"@type\":\"BreadcrumbList\",\"@id\":\"https:\/\/www.casakara.it\/web\/perche-casa-kara\/#breadcrumb\",\"itemListElement\":[{\"@type\":\"ListItem\",\"position\":1,\"name\":\"Home\",\"item\":\"https:\/\/www.casakara.it\/web\/\"},{\"@type\":\"ListItem\",\"position\":2,\"name\":\"Perch\u00e9 Casa KaRa?\"}]},{\"@type\":\"WebSite\",\"@id\":\"https:\/\/www.casakara.it\/web\/#website\",\"url\":\"https:\/\/www.casakara.it\/web\/\",\"name\":\"Casa KaRa\",\"description\":\"B&amp;B vegan cruelty free\",\"potentialAction\":[{\"@type\":\"SearchAction\",\"target\":{\"@type\":\"EntryPoint\",\"urlTemplate\":\"https:\/\/www.casakara.it\/web\/?s={search_term_string}\"},\"query-input\":{\"@type\":\"PropertyValueSpecification\",\"valueRequired\":true,\"valueName\":\"search_term_string\"}}],\"inLanguage\":\"it-IT\"}]}<\/script>\n<!-- \/ Yoast SEO plugin. -->","yoast_head_json":{"title":"Perch\u00e9 Casa KaRa? - Casa KaRa","robots":{"index":"index","follow":"follow","max-snippet":"max-snippet:-1","max-image-preview":"max-image-preview:large","max-video-preview":"max-video-preview:-1"},"canonical":"https:\/\/www.casakara.it\/web\/perche-casa-kara\/","og_locale":"it_IT","og_type":"article","og_title":"Perch\u00e9 Casa KaRa? - Casa KaRa","og_description":"Abbiamo scelto di aiutare ed adottare cani e gatti con handicap e cos\u00ec KaRa \u00e8 arrivata nella nostra vita dopo che avevamo espresso a dei cari amici volontari il nostro desiderio di adottare una canina. Eravamo in una fiera vegan (all&#8217;epoca rappresentavamo Vegusto Italia) e ci venne fatto vedere il video di una canina anziana [&hellip;]","og_url":"https:\/\/www.casakara.it\/web\/perche-casa-kara\/","og_site_name":"Casa KaRa","article_publisher":"https:\/\/www.facebook.com\/BB-vegan-Casa-Kara-1512090809085680\/","article_modified_time":"2022-05-30T08:27:05+00:00","og_image":[{"url":"https:\/\/www.casakara.it\/web\/wp-content\/uploads\/2018\/04\/kara1-150x150.jpeg","type":"","width":"","height":""}],"twitter_card":"summary_large_image","twitter_site":"@CasaKara2016","twitter_misc":{"Tempo di lettura stimato":"1 minuto"},"schema":{"@context":"https:\/\/schema.org","@graph":[{"@type":"WebPage","@id":"https:\/\/www.casakara.it\/web\/perche-casa-kara\/","url":"https:\/\/www.casakara.it\/web\/perche-casa-kara\/","name":"Perch\u00e9 Casa KaRa? - Casa KaRa","isPartOf":{"@id":"https:\/\/www.casakara.it\/web\/#website"},"primaryImageOfPage":{"@id":"https:\/\/www.casakara.it\/web\/perche-casa-kara\/#primaryimage"},"image":{"@id":"https:\/\/www.casakara.it\/web\/perche-casa-kara\/#primaryimage"},"thumbnailUrl":"https:\/\/www.casakara.it\/web\/wp-content\/uploads\/2016\/01\/logo-casakara.png","datePublished":"2022-05-19T13:26:29+00:00","dateModified":"2022-05-30T08:27:05+00:00","breadcrumb":{"@id":"https:\/\/www.casakara.it\/web\/perche-casa-kara\/#breadcrumb"},"inLanguage":"it-IT","potentialAction":[{"@type":"ReadAction","target":["https:\/\/www.casakara.it\/web\/perche-casa-kara\/"]}]},{"@type":"ImageObject","inLanguage":"it-IT","@id":"https:\/\/www.casakara.it\/web\/perche-casa-kara\/#primaryimage","url":"https:\/\/www.casakara.it\/web\/wp-content\/uploads\/2016\/01\/logo-casakara.png","contentUrl":"https:\/\/www.casakara.it\/web\/wp-content\/uploads\/2016\/01\/logo-casakara.png","width":180,"height":180},{"@type":"BreadcrumbList","@id":"https:\/\/www.casakara.it\/web\/perche-casa-kara\/#breadcrumb","itemListElement":[{"@type":"ListItem","position":1,"name":"Home","item":"https:\/\/www.casakara.it\/web\/"},{"@type":"ListItem","position":2,"name":"Perch\u00e9 Casa KaRa?"}]},{"@type":"WebSite","@id":"https:\/\/www.casakara.it\/web\/#website","url":"https:\/\/www.casakara.it\/web\/","name":"Casa KaRa","description":"B&amp;B vegan cruelty free","potentialAction":[{"@type":"SearchAction","target":{"@type":"EntryPoint","urlTemplate":"https:\/\/www.casakara.it\/web\/?s={search_term_string}"},"query-input":{"@type":"PropertyValueSpecification","valueRequired":true,"valueName":"search_term_string"}}],"inLanguage":"it-IT"}]}},"_links":{"self":[{"href":"https:\/\/www.casakara.it\/web\/wp-json\/wp\/v2\/pages\/908","targetHints":{"allow":["GET"]}}],"collection":[{"href":"https:\/\/www.casakara.it\/web\/wp-json\/wp\/v2\/pages"}],"about":[{"href":"https:\/\/www.casakara.it\/web\/wp-json\/wp\/v2\/types\/page"}],"author":[{"embeddable":true,"href":"https:\/\/www.casakara.it\/web\/wp-json\/wp\/v2\/users\/1"}],"replies":[{"embeddable":true,"href":"https:\/\/www.casakara.it\/web\/wp-json\/wp\/v2\/comments?post=908"}],"version-history":[{"count":12,"href":"https:\/\/www.casakara.it\/web\/wp-json\/wp\/v2\/pages\/908\/revisions"}],"predecessor-version":[{"id":1220,"href":"https:\/\/www.casakara.it\/web\/wp-json\/wp\/v2\/pages\/908\/revisions\/1220"}],"wp:attachment":[{"href":"https:\/\/www.casakara.it\/web\/wp-json\/wp\/v2\/media?parent=908"}],"curies":[{"name":"wp","href":"https:\/\/api.w.org\/{rel}","templated":true}]}}